{"id":1947,"date":"2022-09-19T11:31:04","date_gmt":"2022-09-19T11:31:04","guid":{"rendered":"https:\/\/www.youplus.li\/?page_id=1947"},"modified":"2024-04-17T14:27:43","modified_gmt":"2024-04-17T14:27:43","slug":"whistleblowing","status":"publish","type":"page","link":"https:\/\/www.youplus.li\/de\/whistleblowing","title":{"rendered":"Whistleblowing"},"content":{"rendered":"\n<h1 class=\"wp-block-heading\">Whistleblowing<\/h1>\n\n\n\n<p>Das Hinweisgebersystem erm\u00f6glicht die Meldung von Verst\u00f6ssen gegen gesetzliche Vorschriften und Compliance-Regeln und hilft bei der Aufkl\u00e4rung von Missst\u00e4nden.<\/p>\n\n\n\n<p>Mitarbeitende und Externe werden gebeten Verhaltensweisen zu melden, bei denen sie davon ausgehen, dass sie gegen Gesetze, Vorschriften oder interne Leitlinien wie unseren Verhaltenskodex verstossen.<\/p>\n\n\n\n<p>Solche Meldungen geben uns die M\u00f6glichkeit, rasch die notwendigen Gegenmassnahmen einzuleiten, um m\u00f6gliche sch\u00e4dliche Auswirkungen zu verhindern.<\/p>\n\n\n\n<p>Das Hinweisgebersystem ist f\u00fcr die Meldung von Compliance-Verst\u00f6ssen wie Wirtschaftsdelikten (Geldw\u00e4scherei, Betrug, Korruption oder Wettbewerbs- und Kartellvorw\u00fcrfe) gedacht.<\/p>\n\n\n\n<p>Die Meldung eines Compliance-Verstosses bei der YOUPLUS Assurance kann (auch anonym) \u00fcber die von Deloitte betreute <a href=\"https:\/\/eu.deloitte-halo.com\/whistleblower\/website\/DeloitteSpeakUp?Pg=1&amp;Lang=de-DE\" target=\"_blank\" rel=\"noreferrer noopener nofollow\">Hinweisgeberplattform<\/a> erfolgen. Alle Meldungen werden streng vertraulich behandelt.<\/p>\n\n\n\n<p>Jede Meldung wird gepr\u00fcft und konsequent verfolgt. Eine ordentliche Untersuchung einer Meldung ist jedoch nur m\u00f6glich, wenn der Sachverhalt ad\u00e4quat vermittelt wird. Bitte teilen Sie uns daher zum Vorfall so viele Details wie m\u00f6glich mit.<\/p>\n\n\n\n<p>Die \u00fcber das Hinweisgebersystem \u00fcbermittelten Informationen werden streng vertraulich behandelt und in \u00dcbereinstimmung mit den geltenden Gesetzen und Vorschriften fair und sachlich untersucht.<\/p>\n\n\n\n<p>Es gelten die anwendbaren Rechtsvorschriften zum Datenschutz.<\/p>\n\n\n\n<p>Das Hinweisgebersystem ist jedoch nicht f\u00fcr allgemeine Anliegen gedacht. F\u00fcr Fragen zu Ihrem Versicherungsvertrag, Beschwerden oder Schadenmeldungen ben\u00fctzen Sie bitte die daf\u00fcr vorgesehenen Kan\u00e4le.<\/p>\n","protected":false},"excerpt":{"rendered":"<p>Whistleblowing Das Hinweisgebersystem erm\u00f6glicht die Meldung von Verst\u00f6ssen gegen gesetzliche Vorschriften und Compliance-Regeln und hilft bei der Aufkl\u00e4rung von Missst\u00e4nden. Mitarbeitende und Externe werden gebeten Verhaltensweisen zu melden, bei denen sie davon ausgehen, dass sie gegen Gesetze, Vorschriften oder interne Leitlinien wie unseren Verhaltenskodex verstossen. Solche Meldungen geben uns die M\u00f6glichkeit, rasch die notwendigen Gegenmassnahmen [&hellip;]<\/p>\n","protected":false},"author":1,"featured_media":0,"parent":0,"menu_order":0,"comment_status":"closed","ping_status":"closed","template":"","meta":{"_acf_changed":false,"footnotes":""},"class_list":["post-1947","page","type-page","status-publish","hentry"],"acf":[],"yoast_head":"<!-- This site is optimized with the Yoast SEO plugin v27.4 - https:\/\/yoast.com\/product\/yoast-seo-wordpress\/ -->\n<title>Whistleblowing - YOUPLUS Assurance AG Liechtenstein<\/title>\n<meta name=\"robots\" content=\"index, follow, max-snippet:-1, max-image-preview:large, max-video-preview:-1\" \/>\n<link rel=\"canonical\" href=\"https:\/\/www.youplus.li\/de\/whistleblowing\" \/>\n<meta property=\"og:locale\" content=\"de_DE\" \/>\n<meta property=\"og:type\" content=\"article\" \/>\n<meta property=\"og:title\" content=\"Whistleblowing - YOUPLUS Assurance AG Liechtenstein\" \/>\n<meta property=\"og:description\" content=\"Whistleblowing Das Hinweisgebersystem erm\u00f6glicht die Meldung von Verst\u00f6ssen gegen gesetzliche Vorschriften und Compliance-Regeln und hilft bei der Aufkl\u00e4rung von Missst\u00e4nden. Mitarbeitende und Externe werden gebeten Verhaltensweisen zu melden, bei denen sie davon ausgehen, dass sie gegen Gesetze, Vorschriften oder interne Leitlinien wie unseren Verhaltenskodex verstossen. Solche Meldungen geben uns die M\u00f6glichkeit, rasch die notwendigen Gegenmassnahmen [&hellip;]\" \/>\n<meta property=\"og:url\" content=\"https:\/\/www.youplus.li\/de\/whistleblowing\" \/>\n<meta property=\"og:site_name\" content=\"YOUPLUS Assurance AG Liechtenstein\" \/>\n<meta property=\"article:modified_time\" content=\"2024-04-17T14:27:43+00:00\" \/>\n<meta name=\"twitter:card\" content=\"summary_large_image\" \/>\n<meta name=\"twitter:label1\" content=\"Gesch\u00e4tzte Lesezeit\" \/>\n\t<meta name=\"twitter:data1\" content=\"2\u00a0Minuten\" \/>\n<script type=\"application\/ld+json\" class=\"yoast-schema-graph\">{\"@context\":\"https:\\\/\\\/schema.org\",\"@graph\":[{\"@type\":\"WebPage\",\"@id\":\"https:\\\/\\\/www.youplus.li\\\/de\\\/whistleblowing\",\"url\":\"https:\\\/\\\/www.youplus.li\\\/de\\\/whistleblowing\",\"name\":\"Whistleblowing - YOUPLUS Assurance AG Liechtenstein\",\"isPartOf\":{\"@id\":\"https:\\\/\\\/www.youplus.li\\\/de\\\/#website\"},\"datePublished\":\"2022-09-19T11:31:04+00:00\",\"dateModified\":\"2024-04-17T14:27:43+00:00\",\"breadcrumb\":{\"@id\":\"https:\\\/\\\/www.youplus.li\\\/de\\\/whistleblowing#breadcrumb\"},\"inLanguage\":\"de\",\"potentialAction\":[{\"@type\":\"ReadAction\",\"target\":[\"https:\\\/\\\/www.youplus.li\\\/de\\\/whistleblowing\"]}]},{\"@type\":\"BreadcrumbList\",\"@id\":\"https:\\\/\\\/www.youplus.li\\\/de\\\/whistleblowing#breadcrumb\",\"itemListElement\":[{\"@type\":\"ListItem\",\"position\":1,\"name\":\"Startseite\",\"item\":\"https:\\\/\\\/www.youplus.li\\\/de\"},{\"@type\":\"ListItem\",\"position\":2,\"name\":\"Whistleblowing\"}]},{\"@type\":\"WebSite\",\"@id\":\"https:\\\/\\\/www.youplus.li\\\/de\\\/#website\",\"url\":\"https:\\\/\\\/www.youplus.li\\\/de\\\/\",\"name\":\"YOUPLUS Assurance AG Liechtenstein\",\"description\":\"Versicherung in Triesen\",\"potentialAction\":[{\"@type\":\"SearchAction\",\"target\":{\"@type\":\"EntryPoint\",\"urlTemplate\":\"https:\\\/\\\/www.youplus.li\\\/de\\\/?s={search_term_string}\"},\"query-input\":{\"@type\":\"PropertyValueSpecification\",\"valueRequired\":true,\"valueName\":\"search_term_string\"}}],\"inLanguage\":\"de\"}]}<\/script>\n<!-- \/ Yoast SEO plugin. -->","yoast_head_json":{"title":"Whistleblowing - YOUPLUS Assurance AG Liechtenstein","robots":{"index":"index","follow":"follow","max-snippet":"max-snippet:-1","max-image-preview":"max-image-preview:large","max-video-preview":"max-video-preview:-1"},"canonical":"https:\/\/www.youplus.li\/de\/whistleblowing","og_locale":"de_DE","og_type":"article","og_title":"Whistleblowing - YOUPLUS Assurance AG Liechtenstein","og_description":"Whistleblowing Das Hinweisgebersystem erm\u00f6glicht die Meldung von Verst\u00f6ssen gegen gesetzliche Vorschriften und Compliance-Regeln und hilft bei der Aufkl\u00e4rung von Missst\u00e4nden. Mitarbeitende und Externe werden gebeten Verhaltensweisen zu melden, bei denen sie davon ausgehen, dass sie gegen Gesetze, Vorschriften oder interne Leitlinien wie unseren Verhaltenskodex verstossen. Solche Meldungen geben uns die M\u00f6glichkeit, rasch die notwendigen Gegenmassnahmen [&hellip;]","og_url":"https:\/\/www.youplus.li\/de\/whistleblowing","og_site_name":"YOUPLUS Assurance AG Liechtenstein","article_modified_time":"2024-04-17T14:27:43+00:00","twitter_card":"summary_large_image","twitter_misc":{"Gesch\u00e4tzte Lesezeit":"2\u00a0Minuten"},"schema":{"@context":"https:\/\/schema.org","@graph":[{"@type":"WebPage","@id":"https:\/\/www.youplus.li\/de\/whistleblowing","url":"https:\/\/www.youplus.li\/de\/whistleblowing","name":"Whistleblowing - YOUPLUS Assurance AG Liechtenstein","isPartOf":{"@id":"https:\/\/www.youplus.li\/de\/#website"},"datePublished":"2022-09-19T11:31:04+00:00","dateModified":"2024-04-17T14:27:43+00:00","breadcrumb":{"@id":"https:\/\/www.youplus.li\/de\/whistleblowing#breadcrumb"},"inLanguage":"de","potentialAction":[{"@type":"ReadAction","target":["https:\/\/www.youplus.li\/de\/whistleblowing"]}]},{"@type":"BreadcrumbList","@id":"https:\/\/www.youplus.li\/de\/whistleblowing#breadcrumb","itemListElement":[{"@type":"ListItem","position":1,"name":"Startseite","item":"https:\/\/www.youplus.li\/de"},{"@type":"ListItem","position":2,"name":"Whistleblowing"}]},{"@type":"WebSite","@id":"https:\/\/www.youplus.li\/de\/#website","url":"https:\/\/www.youplus.li\/de\/","name":"YOUPLUS Assurance AG Liechtenstein","description":"Versicherung in Triesen","potentialAction":[{"@type":"SearchAction","target":{"@type":"EntryPoint","urlTemplate":"https:\/\/www.youplus.li\/de\/?s={search_term_string}"},"query-input":{"@type":"PropertyValueSpecification","valueRequired":true,"valueName":"search_term_string"}}],"inLanguage":"de"}]}},"_links":{"self":[{"href":"https:\/\/www.youplus.li\/de\/wp-json\/wp\/v2\/pages\/1947","targetHints":{"allow":["GET"]}}],"collection":[{"href":"https:\/\/www.youplus.li\/de\/wp-json\/wp\/v2\/pages"}],"about":[{"href":"https:\/\/www.youplus.li\/de\/wp-json\/wp\/v2\/types\/page"}],"author":[{"embeddable":true,"href":"https:\/\/www.youplus.li\/de\/wp-json\/wp\/v2\/users\/1"}],"replies":[{"embeddable":true,"href":"https:\/\/www.youplus.li\/de\/wp-json\/wp\/v2\/comments?post=1947"}],"version-history":[{"count":5,"href":"https:\/\/www.youplus.li\/de\/wp-json\/wp\/v2\/pages\/1947\/revisions"}],"predecessor-version":[{"id":2609,"href":"https:\/\/www.youplus.li\/de\/wp-json\/wp\/v2\/pages\/1947\/revisions\/2609"}],"wp:attachment":[{"href":"https:\/\/www.youplus.li\/de\/wp-json\/wp\/v2\/media?parent=1947"}],"curies":[{"name":"wp","href":"https:\/\/api.w.org\/{rel}","templated":true}]}}