{"id":529,"date":"2021-12-03T09:51:02","date_gmt":"2021-12-03T09:51:02","guid":{"rendered":"https:\/\/ba73jt6.myraidbox.de\/?page_id=529"},"modified":"2025-08-25T09:43:32","modified_gmt":"2025-08-25T09:43:32","slug":"produkte-services","status":"publish","type":"page","link":"https:\/\/www.youplus.li\/de\/produkte-services","title":{"rendered":"Produkte &#038; Services"},"content":{"rendered":"<div id=\"div_block-18-529\" class=\"ct-div-block bg-gray\" ><section id=\"section-19-529\" class=\" ct-section\" ><div class=\"ct-section-inner-wrap\"><div id=\"text_block-20-529\" class=\"ct-text-block headline-addon\" >PRODUKTE &amp; SERVICES<\/div><h1 id=\"headline-23-529\" class=\"ct-headline\">Das Wichtigste<br>auf einen Klick.<\/h1><div id=\"text_block-29-529\" class=\"ct-text-block mb-50\" >Weiter unten finden Sie einerseits Informationen und Dokumente zu Ihrer Police.<br>Andererseits finden Sie die wichtigsten Formulare zu Ihren Anliegen. Bitte beachten Sie,<br>dass zus\u00e4tzliche Formulare und Dokumente erforderlich sein k\u00f6nnen.<br>Sollte ein von Ihnen gew\u00fcnschtes Formular nicht auf dieser Seite auffindbar sein, nehmen Sie bitte Kontakt mit uns auf.<\/div><div id=\"div_block-41-529\" class=\"ct-div-block\" ><a id=\"link_text-44-529\" class=\"ct-link-text btn-default mr--20 btn-medium\" href=\"#investment\"   >Investment<\/a><a id=\"link_text-45-529\" class=\"ct-link-text btn-default btn-medium\" href=\"#service\"   >Service<\/a><\/div><\/div><\/section><\/div><div id=\"investment\" class=\"ct-div-block\" ><section id=\"section-47-529\" class=\" ct-section\" ><div class=\"ct-section-inner-wrap\"><h2 id=\"headline-84-529\" class=\"ct-headline h1 mb-20\">Investment<\/h2><div id=\"text_block-87-529\" class=\"ct-text-block text-18 mb-60\" >In dieser Rubrik stehen Ihnen diverse Dokumente zum Herunterladen zur Verf\u00fcgung. Sind Sie auf der Suche nach einem bestimmten Dokument, k\u00f6nnen dieses aber nicht finden? Bitte nehmen Sie mit unserm Customer Service Team unter der Nummer +423 239 30 30 Kontakt auf.<\/div><div id=\"_rich_text-115-529\" class=\"oxy-rich-text downloads-list mb-40\" ><ul>\n<li><a href=\"..\/de\/fondauswahl\">Fondsauswahl<\/a><\/li>\n<\/ul><\/div><\/div><\/section><\/div><div id=\"service\" class=\"ct-div-block\" ><section id=\"section-93-529\" class=\" ct-section\" ><div class=\"ct-section-inner-wrap\"><h2 id=\"headline-109-529\" class=\"ct-headline h1 mb-20\">Services<\/h2><div id=\"text_block-110-529\" class=\"ct-text-block text-18 mb-60\" >In dieser Rubrik stehen Ihnen diverse Dokumente zum Herunterladen zur Verf\u00fcgung. Sind Sie auf der Suche nach einem bestimmten Dokument, k\u00f6nnen <br>dieses aber nicht finden? Bitte nehmen Sie mit unserm Customer Service Team unter der Nummer +423 239 30 30  Kontakt auf.<\/div><div id=\"_rich_text-61-529\" class=\"oxy-rich-text downloads-list mb-40\" ><ul><li><a href=\"https:\/\/www.youplus.li\/wp-content\/uploads\/2022\/02\/LSV_Formular_3a_RZ.pdf\" target=\"_blank\" rel=\"noopener\"><span data-sheets-value=\"{&quot;1&quot;:2,&quot;2&quot;:&quot;Formular Lastschriftverfahren - 3a&quot;}\" data-sheets-userformat=\"{&quot;2&quot;:641,&quot;3&quot;:{&quot;1&quot;:0},&quot;10&quot;:1,&quot;12&quot;:0}\">Formular Lastschriftverfahren - 3a<\/span><\/a><\/li><li><a href=\"https:\/\/www.youplus.li\/wp-content\/uploads\/2022\/02\/ACH_Vertragsaenderungsformular_3b_de_RZ.pdf\" target=\"_blank\" rel=\"noopener\"><span data-sheets-value=\"{&quot;1&quot;:2,&quot;2&quot;:&quot;Formular Lastschriftverfahren - 3b&quot;}\" data-sheets-userformat=\"{&quot;2&quot;:641,&quot;3&quot;:{&quot;1&quot;:0},&quot;10&quot;:1,&quot;12&quot;:0}\">Formular Lastschriftverfahren - 3b<\/span><\/a><\/li><li><a href=\"https:\/\/www.youplus.li\/wp-content\/uploads\/2022\/02\/ACH_Vertragsaenderungsformular_3a_de_RZ.pdf\" target=\"_blank\" rel=\"noopener\"><span data-sheets-value=\"{&quot;1&quot;:2,&quot;2&quot;:&quot;Vertrags\u00e4nderungsformular - 3a&quot;}\" data-sheets-userformat=\"{&quot;2&quot;:641,&quot;3&quot;:{&quot;1&quot;:0},&quot;10&quot;:1,&quot;12&quot;:0}\">Vertrags\u00e4nderungsformular - 3a<\/span><\/a><\/li><li><a href=\"https:\/\/www.youplus.li\/wp-content\/uploads\/2022\/02\/ACH_Vertragsaenderungsformular_3b_de_RZ.pdf\" target=\"_blank\" rel=\"noopener\">Vertrags\u00e4nderungsformular - 3b<\/a><\/li><li><a href=\"https:\/\/www.youplus.li\/wp-content\/uploads\/2022\/02\/Anmeldung_FB_Erwerbsunfaehigkeit_DE_RZ.pdf\" target=\"_blank\" rel=\"noopener\"><span data-sheets-value=\"{&quot;1&quot;:2,&quot;2&quot;:&quot;Anmeldung Erwerbsunf\u00e4higkeit&quot;}\" data-sheets-userformat=\"{&quot;2&quot;:641,&quot;3&quot;:{&quot;1&quot;:0},&quot;10&quot;:1,&quot;12&quot;:0}\">Anmeldung Erwerbsunf\u00e4higkeit<\/span><\/a><\/li><\/ul><\/div><a id=\"text_block-116-529\" class=\"ct-link-text btn-default mb-60 btn-medium\" href=\"https:\/\/www.brokernet.li\/login\" target=\"_blank\"  >BrokerNet-Login<\/a><\/div><\/section><\/div>","protected":false},"excerpt":{"rendered":"","protected":false},"author":1,"featured_media":0,"parent":0,"menu_order":0,"comment_status":"closed","ping_status":"closed","template":"","meta":{"_acf_changed":false,"footnotes":""},"class_list":["post-529","page","type-page","status-publish","hentry"],"acf":[],"yoast_head":"<!-- This site is optimized with the Yoast SEO plugin v27.3 - https:\/\/yoast.com\/product\/yoast-seo-wordpress\/ -->\n<title>Produkte &amp; Services - YOUPLUS Assurance AG Liechtenstein<\/title>\n<meta name=\"robots\" content=\"index, follow, max-snippet:-1, max-image-preview:large, max-video-preview:-1\" \/>\n<link rel=\"canonical\" href=\"https:\/\/www.youplus.li\/de\/produkte-services\" \/>\n<meta property=\"og:locale\" content=\"de_DE\" \/>\n<meta property=\"og:type\" content=\"article\" \/>\n<meta property=\"og:title\" content=\"Produkte &amp; Services - YOUPLUS Assurance AG Liechtenstein\" \/>\n<meta property=\"og:url\" content=\"https:\/\/www.youplus.li\/de\/produkte-services\" \/>\n<meta property=\"og:site_name\" content=\"YOUPLUS Assurance AG Liechtenstein\" \/>\n<meta property=\"article:modified_time\" content=\"2025-08-25T09:43:32+00:00\" \/>\n<meta name=\"twitter:card\" content=\"summary_large_image\" \/>\n<meta name=\"twitter:label1\" content=\"Gesch\u00e4tzte Lesezeit\" \/>\n\t<meta name=\"twitter:data1\" content=\"1\u00a0Minute\" \/>\n<script type=\"application\/ld+json\" class=\"yoast-schema-graph\">{\"@context\":\"https:\\\/\\\/schema.org\",\"@graph\":[{\"@type\":\"WebPage\",\"@id\":\"https:\\\/\\\/www.youplus.li\\\/de\\\/produkte-services\",\"url\":\"https:\\\/\\\/www.youplus.li\\\/de\\\/produkte-services\",\"name\":\"Produkte & Services - YOUPLUS Assurance AG Liechtenstein\",\"isPartOf\":{\"@id\":\"https:\\\/\\\/www.youplus.li\\\/de\\\/#website\"},\"datePublished\":\"2021-12-03T09:51:02+00:00\",\"dateModified\":\"2025-08-25T09:43:32+00:00\",\"breadcrumb\":{\"@id\":\"https:\\\/\\\/www.youplus.li\\\/de\\\/produkte-services#breadcrumb\"},\"inLanguage\":\"de\",\"potentialAction\":[{\"@type\":\"ReadAction\",\"target\":[\"https:\\\/\\\/www.youplus.li\\\/de\\\/produkte-services\"]}]},{\"@type\":\"BreadcrumbList\",\"@id\":\"https:\\\/\\\/www.youplus.li\\\/de\\\/produkte-services#breadcrumb\",\"itemListElement\":[{\"@type\":\"ListItem\",\"position\":1,\"name\":\"Startseite\",\"item\":\"https:\\\/\\\/www.youplus.li\\\/de\"},{\"@type\":\"ListItem\",\"position\":2,\"name\":\"Produkte &#038; Services\"}]},{\"@type\":\"WebSite\",\"@id\":\"https:\\\/\\\/www.youplus.li\\\/de\\\/#website\",\"url\":\"https:\\\/\\\/www.youplus.li\\\/de\\\/\",\"name\":\"YOUPLUS Assurance AG Liechtenstein\",\"description\":\"Versicherung in Triesen\",\"potentialAction\":[{\"@type\":\"SearchAction\",\"target\":{\"@type\":\"EntryPoint\",\"urlTemplate\":\"https:\\\/\\\/www.youplus.li\\\/de\\\/?s={search_term_string}\"},\"query-input\":{\"@type\":\"PropertyValueSpecification\",\"valueRequired\":true,\"valueName\":\"search_term_string\"}}],\"inLanguage\":\"de\"}]}<\/script>\n<!-- \/ Yoast SEO plugin. -->","yoast_head_json":{"title":"Produkte & Services - YOUPLUS Assurance AG Liechtenstein","robots":{"index":"index","follow":"follow","max-snippet":"max-snippet:-1","max-image-preview":"max-image-preview:large","max-video-preview":"max-video-preview:-1"},"canonical":"https:\/\/www.youplus.li\/de\/produkte-services","og_locale":"de_DE","og_type":"article","og_title":"Produkte & Services - YOUPLUS Assurance AG Liechtenstein","og_url":"https:\/\/www.youplus.li\/de\/produkte-services","og_site_name":"YOUPLUS Assurance AG Liechtenstein","article_modified_time":"2025-08-25T09:43:32+00:00","twitter_card":"summary_large_image","twitter_misc":{"Gesch\u00e4tzte Lesezeit":"1\u00a0Minute"},"schema":{"@context":"https:\/\/schema.org","@graph":[{"@type":"WebPage","@id":"https:\/\/www.youplus.li\/de\/produkte-services","url":"https:\/\/www.youplus.li\/de\/produkte-services","name":"Produkte & Services - YOUPLUS Assurance AG Liechtenstein","isPartOf":{"@id":"https:\/\/www.youplus.li\/de\/#website"},"datePublished":"2021-12-03T09:51:02+00:00","dateModified":"2025-08-25T09:43:32+00:00","breadcrumb":{"@id":"https:\/\/www.youplus.li\/de\/produkte-services#breadcrumb"},"inLanguage":"de","potentialAction":[{"@type":"ReadAction","target":["https:\/\/www.youplus.li\/de\/produkte-services"]}]},{"@type":"BreadcrumbList","@id":"https:\/\/www.youplus.li\/de\/produkte-services#breadcrumb","itemListElement":[{"@type":"ListItem","position":1,"name":"Startseite","item":"https:\/\/www.youplus.li\/de"},{"@type":"ListItem","position":2,"name":"Produkte &#038; Services"}]},{"@type":"WebSite","@id":"https:\/\/www.youplus.li\/de\/#website","url":"https:\/\/www.youplus.li\/de\/","name":"YOUPLUS Assurance AG Liechtenstein","description":"Versicherung in Triesen","potentialAction":[{"@type":"SearchAction","target":{"@type":"EntryPoint","urlTemplate":"https:\/\/www.youplus.li\/de\/?s={search_term_string}"},"query-input":{"@type":"PropertyValueSpecification","valueRequired":true,"valueName":"search_term_string"}}],"inLanguage":"de"}]}},"_links":{"self":[{"href":"https:\/\/www.youplus.li\/de\/wp-json\/wp\/v2\/pages\/529","targetHints":{"allow":["GET"]}}],"collection":[{"href":"https:\/\/www.youplus.li\/de\/wp-json\/wp\/v2\/pages"}],"about":[{"href":"https:\/\/www.youplus.li\/de\/wp-json\/wp\/v2\/types\/page"}],"author":[{"embeddable":true,"href":"https:\/\/www.youplus.li\/de\/wp-json\/wp\/v2\/users\/1"}],"replies":[{"embeddable":true,"href":"https:\/\/www.youplus.li\/de\/wp-json\/wp\/v2\/comments?post=529"}],"version-history":[{"count":9,"href":"https:\/\/www.youplus.li\/de\/wp-json\/wp\/v2\/pages\/529\/revisions"}],"predecessor-version":[{"id":2865,"href":"https:\/\/www.youplus.li\/de\/wp-json\/wp\/v2\/pages\/529\/revisions\/2865"}],"wp:attachment":[{"href":"https:\/\/www.youplus.li\/de\/wp-json\/wp\/v2\/media?parent=529"}],"curies":[{"name":"wp","href":"https:\/\/api.w.org\/{rel}","templated":true}]}}