{"id":888,"date":"2021-12-21T05:29:09","date_gmt":"2021-12-21T05:29:09","guid":{"rendered":"https:\/\/www.youplus.li\/?page_id=888"},"modified":"2025-10-30T10:27:46","modified_gmt":"2025-10-30T10:27:46","slug":"impressum","status":"publish","type":"page","link":"https:\/\/www.youplus.li\/de\/impressum","title":{"rendered":"Impressum"},"content":{"rendered":"\n<h1 class=\"wp-block-heading\" id=\"impressum\">Impressum<\/h1>\n\n\n\n<div style=\"height:30px\" aria-hidden=\"true\" class=\"wp-block-spacer\"><\/div>\n\n\n\n<h6 class=\"wp-block-heading\" id=\"youplus-assurance-ag\"><\/h6>\n\n\n\n<p>YOUPLUS Assurance AG<br>Austrasse 14<br>9495 Triesen<br>F\u00fcrstentum Liechtenstein&nbsp;<\/p>\n\n\n\n<p>Telefon +423 239 30 96<br>Fax +423 239 30 33<br>E\u2013Mail&nbsp;<a href=\"mailto:info@youplus.li\" target=\"_blank\" rel=\"noreferrer noopener\">info@youplus.li<\/a>&nbsp;<\/p>\n\n\n\n<hr class=\"wp-block-separator has-css-opacity\"\/>\n\n\n\n<h6 class=\"wp-block-heading\" id=\"adresse-von-der-irischen-niederlassung\">Unsere Niederlassungen<\/h6>\n\n\n\n<p>Zweigniederlassung Freienbach<br>YOUPLUS Assurance AG<br>Churerstrasse 25, 8808 Freienbach, Schweiz<br><br>Zweigniederlassung Breganzona<br>YOUPLUS Assurance AG<br>Via Camara 19, 6932 Lugano, Schweiz<br><br>Zweigniederlassung Linz<br>YOUPLUS Assurance AG<br>Spittelwiese 6, 4020 Linz, \u00d6sterreich<\/p>\n\n\n\n<p>Zweigniederlassung Deutschland<br>YOUPLUS Assurance AG<br>Stadtwaldg\u00fcrtel 42, 50931 K\u00f6ln, Deutschland<br><br>Zweigniederlassung Irland<br>YOUPLUS Assurance AG<br>15 Harcourt Street, Dublin 2, County Dublin, Ireland<\/p>\n\n\n\n<p>Zweigniederlassung Norwegen<br>YOUPLUS Assurance AG, YOUPLUS Livsforsikring NUF<br>Erling Skakkes Gate 4, P.O. Box 463, NOR-7013 Trondheim, Norway<\/p>\n\n\n\n<p>Zweigniederlassung Tschechien<br>YOUPLUS Assurance AG, YOUPLUS \u017divotn\u00ed poji\u0161\u0165ovna, pobo\u010dka pro \u010ceskou republiku<br>P\u0159\u00edzova 526\/5, Trnit\u00e1, 602 00 Brno, Czech Republic<\/p>\n\n\n\n<p>Zweigniederlassung Slowakei<br>YOUPLUS Assurance AG, YOUPLUS \u017divotn\u00e1 pois\u0165ov\u0148a, pobo\u010dka pois\u0165ovne z in\u00e9ho \u010dlensk\u00e9ho \u0161t\u00e1tu<br>Mlynsk\u00e9 nivy 5, 821 09 Bratislava - mestsk\u00e1 \u010das\u0165 Ru\u017einov, Slovakia<\/p>\n\n\n\n<hr class=\"wp-block-separator has-css-opacity\"\/>\n\n\n\n<h6 class=\"wp-block-heading\" id=\"vertreten-durch-die-geschaftsleitung\">Vertreten durch die Gesch\u00e4ftsleitung<\/h6>\n\n\n\n<p>Andreas Kr\u00fcmmel<br>Dr. Achim Dinge<br>Petrik Leutert<br>Helena Radovansk\u00e1<br>Stephan Moltzen<\/p>\n\n\n\n<hr class=\"wp-block-separator has-css-opacity\"\/>\n\n\n\n<p>Handelsregister: FL-0002.038.147-0<br>MWST-Nr. 55260<\/p>\n\n\n\n<hr class=\"wp-block-separator has-css-opacity\"\/>\n\n\n\n<h6 class=\"wp-block-heading\" id=\"zustandige-aufsichtsbehorde-im-furstentum-liechtenstein\">Zust\u00e4ndige Aufsichtsbeh\u00f6rde im F\u00fcrstentum Liechtenstein<\/h6>\n\n\n\n<p>Finanzmarktaufsicht Liechtenstein (FMA)<br>Landstrasse 109<br>Postfach 279<br>9490 Vaduz<br>F\u00fcrstentum Liechtenstein<\/p>\n\n\n\n<p>Telefon +423 236 73 73<br>Fax +423 239 73 74<br>E\u2013Mail&nbsp;<a href=\"mailto:info@fma-li.li\" target=\"_blank\" rel=\"noreferrer noopener\">info@fma-li.li<\/a><\/p>\n\n\n\n<hr class=\"wp-block-separator has-css-opacity\"\/>\n\n\n\n<h6 class=\"wp-block-heading\" id=\"zustandige-aufsichtsbehorde-in-irland\">Zust\u00e4ndige Aufsichtsbeh\u00f6rde in Irland<\/h6>\n\n\n\n<p>Central Bank of Ireland<br>PO Box 559<br>Dublin 1<br>Ireland<\/p>\n\n\n\n<p>Phone +353 (0)1 224 6000<br>Fax +353 (0)1&nbsp;224 5550<br>E\u2013Mail&nbsp;<a href=\"mailto:enquiries@centralbank.ie\" target=\"_blank\" rel=\"noreferrer noopener\">enquiries@centralbank.ie<\/a><\/p>\n","protected":false},"excerpt":{"rendered":"<p>Impressum YOUPLUS Assurance AGAustrasse 149495 TriesenF\u00fcrstentum Liechtenstein&nbsp; Telefon +423 239 30 96Fax +423 239 30 33E\u2013Mail&nbsp;info@youplus.li&nbsp; Unsere Niederlassungen Zweigniederlassung FreienbachYOUPLUS Assurance AGChurerstrasse 25, 8808 Freienbach, Schweiz Zweigniederlassung BreganzonaYOUPLUS Assurance AGVia Camara 19, 6932 Lugano, Schweiz Zweigniederlassung LinzYOUPLUS Assurance AGSpittelwiese 6, 4020 Linz, \u00d6sterreich Zweigniederlassung DeutschlandYOUPLUS Assurance AGStadtwaldg\u00fcrtel 42, 50931 K\u00f6ln, Deutschland Zweigniederlassung IrlandYOUPLUS Assurance AG15 [&hellip;]<\/p>\n","protected":false},"author":1,"featured_media":0,"parent":0,"menu_order":0,"comment_status":"closed","ping_status":"closed","template":"","meta":{"_acf_changed":false,"footnotes":""},"class_list":["post-888","page","type-page","status-publish","hentry"],"acf":[],"yoast_head":"<!-- This site is optimized with the Yoast SEO plugin v27.3 - https:\/\/yoast.com\/product\/yoast-seo-wordpress\/ -->\n<title>Impressum - YOUPLUS Assurance AG Liechtenstein<\/title>\n<meta name=\"robots\" content=\"index, follow, max-snippet:-1, max-image-preview:large, max-video-preview:-1\" \/>\n<link rel=\"canonical\" href=\"https:\/\/www.youplus.li\/de\/impressum\" \/>\n<meta property=\"og:locale\" content=\"de_DE\" \/>\n<meta property=\"og:type\" content=\"article\" \/>\n<meta property=\"og:title\" content=\"Impressum - YOUPLUS Assurance AG Liechtenstein\" \/>\n<meta property=\"og:description\" content=\"Impressum YOUPLUS Assurance AGAustrasse 149495 TriesenF\u00fcrstentum Liechtenstein&nbsp; Telefon +423 239 30 96Fax +423 239 30 33E\u2013Mail&nbsp;info@youplus.li&nbsp; Unsere Niederlassungen Zweigniederlassung FreienbachYOUPLUS Assurance AGChurerstrasse 25, 8808 Freienbach, Schweiz Zweigniederlassung BreganzonaYOUPLUS Assurance AGVia Camara 19, 6932 Lugano, Schweiz Zweigniederlassung LinzYOUPLUS Assurance AGSpittelwiese 6, 4020 Linz, \u00d6sterreich Zweigniederlassung DeutschlandYOUPLUS Assurance AGStadtwaldg\u00fcrtel 42, 50931 K\u00f6ln, Deutschland Zweigniederlassung IrlandYOUPLUS Assurance AG15 [&hellip;]\" \/>\n<meta property=\"og:url\" content=\"https:\/\/www.youplus.li\/de\/impressum\" \/>\n<meta property=\"og:site_name\" content=\"YOUPLUS Assurance AG Liechtenstein\" \/>\n<meta property=\"article:modified_time\" content=\"2025-10-30T10:27:46+00:00\" \/>\n<meta name=\"twitter:card\" content=\"summary_large_image\" \/>\n<meta name=\"twitter:label1\" content=\"Gesch\u00e4tzte Lesezeit\" \/>\n\t<meta name=\"twitter:data1\" content=\"2\u00a0Minuten\" \/>\n<script type=\"application\/ld+json\" class=\"yoast-schema-graph\">{\"@context\":\"https:\\\/\\\/schema.org\",\"@graph\":[{\"@type\":\"WebPage\",\"@id\":\"https:\\\/\\\/www.youplus.li\\\/de\\\/impressum\",\"url\":\"https:\\\/\\\/www.youplus.li\\\/de\\\/impressum\",\"name\":\"Impressum - YOUPLUS Assurance AG Liechtenstein\",\"isPartOf\":{\"@id\":\"https:\\\/\\\/www.youplus.li\\\/de\\\/#website\"},\"datePublished\":\"2021-12-21T05:29:09+00:00\",\"dateModified\":\"2025-10-30T10:27:46+00:00\",\"breadcrumb\":{\"@id\":\"https:\\\/\\\/www.youplus.li\\\/de\\\/impressum#breadcrumb\"},\"inLanguage\":\"de\",\"potentialAction\":[{\"@type\":\"ReadAction\",\"target\":[\"https:\\\/\\\/www.youplus.li\\\/de\\\/impressum\"]}]},{\"@type\":\"BreadcrumbList\",\"@id\":\"https:\\\/\\\/www.youplus.li\\\/de\\\/impressum#breadcrumb\",\"itemListElement\":[{\"@type\":\"ListItem\",\"position\":1,\"name\":\"Startseite\",\"item\":\"https:\\\/\\\/www.youplus.li\\\/de\"},{\"@type\":\"ListItem\",\"position\":2,\"name\":\"Impressum\"}]},{\"@type\":\"WebSite\",\"@id\":\"https:\\\/\\\/www.youplus.li\\\/de\\\/#website\",\"url\":\"https:\\\/\\\/www.youplus.li\\\/de\\\/\",\"name\":\"YOUPLUS Assurance AG Liechtenstein\",\"description\":\"Versicherung in Triesen\",\"potentialAction\":[{\"@type\":\"SearchAction\",\"target\":{\"@type\":\"EntryPoint\",\"urlTemplate\":\"https:\\\/\\\/www.youplus.li\\\/de\\\/?s={search_term_string}\"},\"query-input\":{\"@type\":\"PropertyValueSpecification\",\"valueRequired\":true,\"valueName\":\"search_term_string\"}}],\"inLanguage\":\"de\"}]}<\/script>\n<!-- \/ Yoast SEO plugin. -->","yoast_head_json":{"title":"Impressum - YOUPLUS Assurance AG Liechtenstein","robots":{"index":"index","follow":"follow","max-snippet":"max-snippet:-1","max-image-preview":"max-image-preview:large","max-video-preview":"max-video-preview:-1"},"canonical":"https:\/\/www.youplus.li\/de\/impressum","og_locale":"de_DE","og_type":"article","og_title":"Impressum - YOUPLUS Assurance AG Liechtenstein","og_description":"Impressum YOUPLUS Assurance AGAustrasse 149495 TriesenF\u00fcrstentum Liechtenstein&nbsp; Telefon +423 239 30 96Fax +423 239 30 33E\u2013Mail&nbsp;info@youplus.li&nbsp; Unsere Niederlassungen Zweigniederlassung FreienbachYOUPLUS Assurance AGChurerstrasse 25, 8808 Freienbach, Schweiz Zweigniederlassung BreganzonaYOUPLUS Assurance AGVia Camara 19, 6932 Lugano, Schweiz Zweigniederlassung LinzYOUPLUS Assurance AGSpittelwiese 6, 4020 Linz, \u00d6sterreich Zweigniederlassung DeutschlandYOUPLUS Assurance AGStadtwaldg\u00fcrtel 42, 50931 K\u00f6ln, Deutschland Zweigniederlassung IrlandYOUPLUS Assurance AG15 [&hellip;]","og_url":"https:\/\/www.youplus.li\/de\/impressum","og_site_name":"YOUPLUS Assurance AG Liechtenstein","article_modified_time":"2025-10-30T10:27:46+00:00","twitter_card":"summary_large_image","twitter_misc":{"Gesch\u00e4tzte Lesezeit":"2\u00a0Minuten"},"schema":{"@context":"https:\/\/schema.org","@graph":[{"@type":"WebPage","@id":"https:\/\/www.youplus.li\/de\/impressum","url":"https:\/\/www.youplus.li\/de\/impressum","name":"Impressum - YOUPLUS Assurance AG Liechtenstein","isPartOf":{"@id":"https:\/\/www.youplus.li\/de\/#website"},"datePublished":"2021-12-21T05:29:09+00:00","dateModified":"2025-10-30T10:27:46+00:00","breadcrumb":{"@id":"https:\/\/www.youplus.li\/de\/impressum#breadcrumb"},"inLanguage":"de","potentialAction":[{"@type":"ReadAction","target":["https:\/\/www.youplus.li\/de\/impressum"]}]},{"@type":"BreadcrumbList","@id":"https:\/\/www.youplus.li\/de\/impressum#breadcrumb","itemListElement":[{"@type":"ListItem","position":1,"name":"Startseite","item":"https:\/\/www.youplus.li\/de"},{"@type":"ListItem","position":2,"name":"Impressum"}]},{"@type":"WebSite","@id":"https:\/\/www.youplus.li\/de\/#website","url":"https:\/\/www.youplus.li\/de\/","name":"YOUPLUS Assurance AG Liechtenstein","description":"Versicherung in Triesen","potentialAction":[{"@type":"SearchAction","target":{"@type":"EntryPoint","urlTemplate":"https:\/\/www.youplus.li\/de\/?s={search_term_string}"},"query-input":{"@type":"PropertyValueSpecification","valueRequired":true,"valueName":"search_term_string"}}],"inLanguage":"de"}]}},"_links":{"self":[{"href":"https:\/\/www.youplus.li\/de\/wp-json\/wp\/v2\/pages\/888","targetHints":{"allow":["GET"]}}],"collection":[{"href":"https:\/\/www.youplus.li\/de\/wp-json\/wp\/v2\/pages"}],"about":[{"href":"https:\/\/www.youplus.li\/de\/wp-json\/wp\/v2\/types\/page"}],"author":[{"embeddable":true,"href":"https:\/\/www.youplus.li\/de\/wp-json\/wp\/v2\/users\/1"}],"replies":[{"embeddable":true,"href":"https:\/\/www.youplus.li\/de\/wp-json\/wp\/v2\/comments?post=888"}],"version-history":[{"count":14,"href":"https:\/\/www.youplus.li\/de\/wp-json\/wp\/v2\/pages\/888\/revisions"}],"predecessor-version":[{"id":2888,"href":"https:\/\/www.youplus.li\/de\/wp-json\/wp\/v2\/pages\/888\/revisions\/2888"}],"wp:attachment":[{"href":"https:\/\/www.youplus.li\/de\/wp-json\/wp\/v2\/media?parent=888"}],"curies":[{"name":"wp","href":"https:\/\/api.w.org\/{rel}","templated":true}]}}